{"id":21,"date":"2023-02-10T13:20:09","date_gmt":"2023-02-10T12:20:09","guid":{"rendered":"https:\/\/osteopathie-mso.fr\/wordpress\/?page_id=21"},"modified":"2025-09-11T14:08:56","modified_gmt":"2025-09-11T12:08:56","slug":"les-consultations","status":"publish","type":"page","link":"https:\/\/osteopathie-mso.fr\/index.php\/les-consultations\/","title":{"rendered":"Les consultations"},"content":{"rendered":"<p style=\"text-align: center;\"><strong><span style=\"font-size: 14pt;\"><br \/>\nDur\u00e9e d\u2019une consultation<\/span><\/strong><\/p>\n<p>&nbsp;<\/p>\n<p style=\"text-align: center;\"><span style=\"font-size: 14pt;\">45 minutes environ.<\/span><\/p>\n<p>&nbsp;<\/p>\n<p style=\"text-align: center;\"><strong><span style=\"font-size: 14pt;\">Dur\u00e9e du traitement<\/span><\/strong><\/p>\n<p>&nbsp;<\/p>\n<p style=\"text-align: center;\"><span style=\"font-size: 14pt;\">Le nombre de s\u00e9ances n\u00e9cessaires est variable en fonction des probl\u00e9matiques et de leur anciennet\u00e9. Cela peut varier d\u2019une \u00e0 plusieurs s\u00e9ances.<\/span><\/p>\n<p>&nbsp;<\/p>\n<p style=\"text-align: center;\"><strong><span style=\"font-size: 14pt;\">Combien co\u00fbte une consultation ?<\/span><\/strong><\/p>\n<p>&nbsp;<\/p>\n<p style=\"text-align: center;\"><span style=\"font-size: 14pt;\">80 \u20ac la s\u00e9ance.<\/span><\/p>\n<p>&nbsp;<\/p>\n<p style=\"text-align: center;\"><strong><span style=\"font-size: 14pt;\">Les s\u00e9ances sont-elles rembours\u00e9es ?<\/span><\/strong><\/p>\n<p style=\"text-align: center;\"><span style=\"font-size: 14pt;\">Les s\u00e9ances sont en partie rembours\u00e9es par les mutuelles. Le mieux est de vous rapprocher de la v\u00f4tre car les remboursements sont tr\u00e8s variables.<\/span><\/p>\n<p>&nbsp;<\/p>\n<p style=\"text-align: center;\"><strong><span style=\"font-size: 14pt;\">Horaires d&rsquo; ouverture :<\/span><\/strong><\/p>\n<p>&nbsp;<\/p>\n<p style=\"text-align: center;\"><strong><span style=\"text-decoration: underline; color: #33cccc;\"><span style=\"font-size: 14pt;\">Saint-Jean-Cap-Ferrat<\/span><\/span><\/strong><\/p>\n<p style=\"text-align: center;\"><span style=\"font-size: 14pt;\">Lundi : <strong>10h00 \u00e0 13h00 &#8211; 16h00 \u00e0 18h30<\/strong><\/span><\/p>\n<p style=\"text-align: center;\"><span style=\"font-size: 14pt;\">Mardi : <strong>10h00 \u00e0 13h00 &#8211; 16h00 \u00e0 19h30<\/strong><\/span><\/p>\n<p style=\"text-align: center;\"><span style=\"font-size: 14pt;\">Mercredi : <strong>10h00 \u00e0 13h00<\/strong><\/span><br \/>\n<span style=\"font-size: 14pt;\">Jeudi : <strong>10h00 \u00e0 13h00 &#8211; 16h00 \u00e0 19h30<\/strong><\/span><br \/>\n<span style=\"font-size: 14pt;\">Vendredi : <strong>10h00 \u00e0 13h00 &#8211; 16h00 \u00e0 19h30<\/strong><\/span><\/p>\n<p>&nbsp;<\/p>\n<p style=\"text-align: center;\"><strong><span style=\"font-size: 14pt;\">Rendez-vous par t\u00e9l\u00e9phone au : 06 70 31 85 77<\/span><\/strong><br \/>\n<strong><span style=\"font-size: 14pt;\">et <\/span><\/strong><\/p>\n<p style=\"text-align: center;\"><strong><span style=\"color: #000000; font-size: 14pt;\">Par SMS<\/span><\/strong><\/p>\n<p>&nbsp;<\/p>\n","protected":false},"excerpt":{"rendered":"<p>Dur\u00e9e d\u2019une consultation &nbsp; 45 minutes environ. &nbsp; Dur\u00e9e du traitement &nbsp; Le nombre de s\u00e9ances n\u00e9cessaires est variable en fonction des probl\u00e9matiques et de leur anciennet\u00e9. Cela peut varier d\u2019une \u00e0 plusieurs s\u00e9ances. &nbsp; Combien co\u00fbte une consultation ? &hellip;<\/p>\n<p><a href=\"https:\/\/osteopathie-mso.fr\/index.php\/les-consultations\/\">Continue Reading<span class=\"meta-nav\">&rarr;<\/span><\/a><\/p>\n","protected":false},"author":1,"featured_media":0,"parent":0,"menu_order":0,"comment_status":"closed","ping_status":"closed","template":"","meta":{"ngg_post_thumbnail":0,"footnotes":""},"class_list":["post-21","page","type-page","status-publish","hentry"],"_links":{"self":[{"href":"https:\/\/osteopathie-mso.fr\/index.php\/wp-json\/wp\/v2\/pages\/21","targetHints":{"allow":["GET"]}}],"collection":[{"href":"https:\/\/osteopathie-mso.fr\/index.php\/wp-json\/wp\/v2\/pages"}],"about":[{"href":"https:\/\/osteopathie-mso.fr\/index.php\/wp-json\/wp\/v2\/types\/page"}],"author":[{"embeddable":true,"href":"https:\/\/osteopathie-mso.fr\/index.php\/wp-json\/wp\/v2\/users\/1"}],"replies":[{"embeddable":true,"href":"https:\/\/osteopathie-mso.fr\/index.php\/wp-json\/wp\/v2\/comments?post=21"}],"version-history":[{"count":30,"href":"https:\/\/osteopathie-mso.fr\/index.php\/wp-json\/wp\/v2\/pages\/21\/revisions"}],"predecessor-version":[{"id":301,"href":"https:\/\/osteopathie-mso.fr\/index.php\/wp-json\/wp\/v2\/pages\/21\/revisions\/301"}],"wp:attachment":[{"href":"https:\/\/osteopathie-mso.fr\/index.php\/wp-json\/wp\/v2\/media?parent=21"}],"curies":[{"name":"wp","href":"https:\/\/api.w.org\/{rel}","templated":true}]}}