{"id":19,"date":"2023-02-10T13:18:27","date_gmt":"2023-02-10T12:18:27","guid":{"rendered":"https:\/\/osteopathie-mso.fr\/wordpress\/?page_id=19"},"modified":"2023-12-12T11:04:43","modified_gmt":"2023-12-12T10:04:43","slug":"pour-qui-pourquoi","status":"publish","type":"page","link":"https:\/\/osteopathie-mso.fr\/index.php\/pour-qui-pourquoi\/","title":{"rendered":"Pour qui, pourquoi"},"content":{"rendered":"<p style=\"text-align: center;\"><span style=\"font-size: 36pt; color: #000000;\"><span style=\"color: #33cccc;\">L\u2019 Ost\u00e9opathie<\/span>&nbsp;<\/span><\/p>\n<p style=\"text-align: center;\"><span style=\"font-size: 36pt; color: #000000;\">Pour qui, pourquoi ?<\/span><\/p>\n<p><span style=\"font-size: 14pt;\"><strong>&#8211; Pour les adultes :<\/strong><\/span><\/p>\n<p><span style=\"font-size: 14pt;\"><strong>Probl\u00e8mes orthop\u00e9diques<\/strong><\/span><br \/>\n<span style=\"font-size: 14pt;\">Entorses, tendinites, d\u00e9chirures, dorsalgies, cervicalgies, lombalgies, bruxisme, douleurs articulaires\u2026<\/span><\/p>\n<p>&nbsp;<\/p>\n<p><span style=\"font-size: 14pt;\"><strong>Neurologiques<\/strong><\/span><br \/>\n<span style=\"font-size: 14pt;\">Sciatiques, n\u00e9vralgies, n\u00e9vralgie d\u2019Arnold, neuropathies diverses\u2026<\/span><\/p>\n<p>&nbsp;<\/p>\n<p><span style=\"font-size: 14pt;\"><strong>Respiratoires<\/strong><\/span><br \/>\n<span style=\"font-size: 14pt;\">Probl\u00e8mes respiratoires, anxi\u00e9t\u00e9, sensation d\u2019\u00e9touffement,&nbsp;<\/span><br \/>\n<span style=\"font-size: 14pt;\">Covid 19 long&#8230;<\/span><\/p>\n<p>&nbsp;<\/p>\n<p><span style=\"font-size: 14pt;\"><strong>Digestifs<\/strong><\/span><br \/>\n<span style=\"font-size: 14pt;\">Acidit\u00e9 gastrique, reflux gastro-\u0153sophagien, ulc\u00e8re gastro-duod\u00e9nal, ballonnements, constipations, coliques, troubles h\u00e9pato-v\u00e9siculaires\u2026<\/span><\/p>\n<p>&nbsp;<\/p>\n<p><span style=\"font-size: 14pt;\"><strong>ORL et c\u00e9phaliques<\/strong><\/span><br \/>\n<span style=\"font-size: 14pt;\">Rhinites, migraines, sinusites chroniques, pathologies asthmatiformes, vertiges, acouph\u00e8nes, c\u00e9phal\u00e9es\u2026<\/span><\/p>\n<p>&nbsp;<\/p>\n<p><span style=\"font-size: 14pt;\"><strong>G\u00e9nito-urinaires<\/strong><\/span><br \/>\n<span style=\"font-size: 14pt;\">Incontinence, cystite, \u00e9nur\u00e9sie, troubles de la m\u00e9nopause, rapports sexuels douloureux, difficult\u00e9s \u00e0 tomber enceinte\u2026<\/span><\/p>\n<p>&nbsp;<\/p>\n<p><span style=\"font-size: 14pt;\"><strong>Neuro-v\u00e9g\u00e9tatifs<\/strong><\/span><br \/>\n<span style=\"font-size: 14pt;\">Stress, angoisse, \u00e9tats d\u00e9pressifs, spasmophilie, troubles du sommeil, irritabilit\u00e9, probl\u00e8mes de concentration, baisse de la vitalit\u00e9, fatigue chronique, burn out\u2026<\/span><\/p>\n<p>&nbsp;<\/p>\n<p><span style=\"font-size: 14pt;\"><strong>Troubles endocriniens<\/strong><\/span><br \/>\n<span style=\"font-size: 14pt;\">Troubles de fonctionnement des glandes endocrines\u2026<\/span><\/p>\n<p>&nbsp;<\/p>\n<p><span style=\"font-size: 14pt;\"><strong>Probl\u00e8mes cardiaques<\/strong><\/span><br \/>\n<span style=\"font-size: 14pt;\">S\u00e9quelles de p\u00e9ricardite\u2026<\/span><\/p>\n<p>&nbsp;<\/p>\n<p><span style=\"font-size: 14pt;\"><strong>Probl\u00e8mes circulatoires<\/strong><\/span><br \/>\n<span style=\"font-size: 14pt;\">Jambes lourdes, \u0153d\u00e8mes\u2026<\/span><\/p>\n<p>&nbsp;<\/p>\n<p><span style=\"font-size: 14pt;\"><strong>Probl\u00e8mes dentaires<\/strong><\/span><br \/>\n<span style=\"font-size: 14pt;\">Concomitants \u00e0 la pose d\u2019appareil dentaire, s\u00e9quelles post-op\u00e9ratoires\u2026<\/span><\/p>\n<p>&nbsp;<\/p>\n<p><span style=\"font-size: 14pt;\"><strong>Probl\u00e8mes de m\u00e9morisation<\/strong><\/span><br \/>\n<span style=\"font-size: 14pt;\">Examens, concours, retard scolaire, difficult\u00e9s d\u2019apprentissage\u2026<\/span><\/p>\n<p>&nbsp;<\/p>\n<p><span style=\"font-size: 14pt;\"><strong>Probl\u00e8mes de d\u00e9pendance<\/strong><\/span><br \/>\n<span style=\"font-size: 14pt;\">Boulimie (sucre\u2026), cigarette\u2026<\/span><\/p>\n<p>&nbsp;<\/p>\n<p><span style=\"font-size: 14pt;\"><strong>Probl\u00e8mes dermatologiques<\/strong><\/span><br \/>\n<span style=\"font-size: 14pt;\">Ecz\u00e9ma\u2026<\/span><\/p>\n<p>&nbsp;<\/p>\n<p><span style=\"font-size: 14pt;\"><strong>S\u00e9quelles de traumatisme<\/strong><\/span><br \/>\n<span style=\"font-size: 14pt;\">Traumatisme cr\u00e2nien\u2026<\/span><\/p>\n<p>&nbsp;<\/p>\n<p><span style=\"font-size: 14pt;\"><strong>&#8211; Pour les enfants :<\/strong><\/span><br \/>\n<span style=\"font-size: 14pt;\">Hyperactivit\u00e9, probl\u00e8me de concentration.<\/span><br \/>\n<span style=\"font-size: 14pt;\">Dyslexie.<\/span><br \/>\n<span style=\"font-size: 14pt;\">Colique, constipation.<\/span><br \/>\n<span style=\"font-size: 14pt;\">Sommeil perturb\u00e9.<\/span><br \/>\n<span style=\"font-size: 14pt;\">Probl\u00e8mes dentaires\u2026<\/span><\/p>\n<p>&nbsp;<\/p>\n<p><span style=\"font-size: 14pt;\"><strong>&#8211; Pour les nourrissons :<\/strong><\/span><br \/>\n<span style=\"font-size: 14pt;\">Cris, pleurs, irritabilit\u00e9, sommeil perturb\u00e9.<\/span><br \/>\n<span style=\"font-size: 14pt;\">R\u00e9gurgitation, constipation, coliques.<\/span><br \/>\n<span style=\"font-size: 14pt;\">Asym\u00e9trie du cr\u00e2ne, conjonctivite, strabisme\u2026<\/span><\/p>\n<p>&nbsp;<\/p>\n<p><span style=\"font-size: 14pt;\"><strong>Vous pouvez aussi me consulter&#8230;<\/strong><\/span><\/p>\n<p><span style=\"font-size: 14pt;\">A titre pr\u00e9ventif.<\/span><br \/>\n<span style=\"font-size: 14pt;\">Si un trouble appara\u00eet apr\u00e8s une chute, un choc ou un accident avec traumatisme.<\/span><br \/>\n<span style=\"font-size: 14pt;\">En cas de sympt\u00f4me persistant et inexpliqu\u00e9 par la m\u00e9decine allopathique.<\/span><br \/>\n<span style=\"font-size: 14pt;\">En cas de stress, de surmenage.<\/span><\/p>\n","protected":false},"excerpt":{"rendered":"<p>L\u2019 Ost\u00e9opathie&nbsp; Pour qui, pourquoi ? &#8211; Pour les adultes : Probl\u00e8mes orthop\u00e9diques Entorses, tendinites, d\u00e9chirures, dorsalgies, cervicalgies, lombalgies, bruxisme, douleurs articulaires\u2026 &nbsp; Neurologiques Sciatiques, n\u00e9vralgies, n\u00e9vralgie d\u2019Arnold, neuropathies diverses\u2026 &nbsp; Respiratoires Probl\u00e8mes respiratoires, anxi\u00e9t\u00e9, sensation d\u2019\u00e9touffement,&nbsp; Covid 19 long&#8230; &hellip;<\/p>\n<p><a href=\"https:\/\/osteopathie-mso.fr\/index.php\/pour-qui-pourquoi\/\">Continue Reading<span class=\"meta-nav\">&rarr;<\/span><\/a><\/p>\n","protected":false},"author":1,"featured_media":0,"parent":0,"menu_order":0,"comment_status":"closed","ping_status":"closed","template":"","meta":{"ngg_post_thumbnail":0,"footnotes":""},"class_list":["post-19","page","type-page","status-publish","hentry"],"_links":{"self":[{"href":"https:\/\/osteopathie-mso.fr\/index.php\/wp-json\/wp\/v2\/pages\/19","targetHints":{"allow":["GET"]}}],"collection":[{"href":"https:\/\/osteopathie-mso.fr\/index.php\/wp-json\/wp\/v2\/pages"}],"about":[{"href":"https:\/\/osteopathie-mso.fr\/index.php\/wp-json\/wp\/v2\/types\/page"}],"author":[{"embeddable":true,"href":"https:\/\/osteopathie-mso.fr\/index.php\/wp-json\/wp\/v2\/users\/1"}],"replies":[{"embeddable":true,"href":"https:\/\/osteopathie-mso.fr\/index.php\/wp-json\/wp\/v2\/comments?post=19"}],"version-history":[{"count":22,"href":"https:\/\/osteopathie-mso.fr\/index.php\/wp-json\/wp\/v2\/pages\/19\/revisions"}],"predecessor-version":[{"id":285,"href":"https:\/\/osteopathie-mso.fr\/index.php\/wp-json\/wp\/v2\/pages\/19\/revisions\/285"}],"wp:attachment":[{"href":"https:\/\/osteopathie-mso.fr\/index.php\/wp-json\/wp\/v2\/media?parent=19"}],"curies":[{"name":"wp","href":"https:\/\/api.w.org\/{rel}","templated":true}]}}