{"id":17,"date":"2023-02-10T13:17:26","date_gmt":"2023-02-10T12:17:26","guid":{"rendered":"https:\/\/osteopathie-mso.fr\/wordpress\/?page_id=17"},"modified":"2024-06-14T11:01:07","modified_gmt":"2024-06-14T09:01:07","slug":"osteopathie-mso","status":"publish","type":"page","link":"https:\/\/osteopathie-mso.fr\/index.php\/osteopathie-mso\/","title":{"rendered":"Ost\u00e9opathie"},"content":{"rendered":"<p style=\"text-align: center;\"><span style=\"font-size: 36pt; color: #000000;\"><span style=\"color: #33cccc;\">Ost\u00e9opathie<\/span><\/span><\/p>\n<p>&nbsp;<\/p>\n<p style=\"text-align: center;\"><span style=\"color: #33cccc; font-size: 18pt;\">Vers une meilleure hom\u00e9ostasie<\/span><\/p>\n<p>&nbsp;<\/p>\n<p><span style=\"font-size: 14pt;\">L&rsquo;ost\u00e9opathie pratiqu\u00e9e par Marc Nafilyan explore l&rsquo;interaction entre la psych\u00e9 (l&rsquo;esprit), le soma (le corps) et le vivant. En favorisant la lib\u00e9ration de l&rsquo;information au niveau tissulaire, elle permet un rel\u00e2chement du corps physique, psychique et \u00e9motionnel, en favorisant ainsi une meilleure hom\u00e9ostasie. Cette approche conduit in\u00e9vitablement \u00e0 une am\u00e9lioration de l&rsquo;\u00e9tat de sant\u00e9.<\/span><\/p>\n<p>&nbsp;<\/p>\n<p><span style=\"font-size: 14pt;\">L&rsquo;ost\u00e9opathie prend en consid\u00e9ration \u00a0\u00bbles informations cellulaires\u00a0\u00bb influenc\u00e9es par divers facteurs tels que l&rsquo;alimentation, les relations, l&rsquo;environnement et l&rsquo;\u00e9tat \u00e9motionnel du patient. <\/span><\/p>\n<p>&nbsp;<\/p>\n<p><span style=\"font-size: 14pt;\">Selon cette discipline, les sympt\u00f4mes sont l&rsquo;expression de l&rsquo;information cellulaire et d&rsquo;une perturbation de la circulation de l&rsquo;information. Toute stagnation de cette circulation peut entrainer une densification des tissus, manifest\u00e9e par des douleurs, des inflammations, des troubles fonctionnels voire organiques.<\/span><\/p>\n<p>&nbsp;<\/p>\n<p><span style=\"font-size: 14pt;\">Le traitement ost\u00e9opathique repose sur un toucher subtil, utilisant des techniques telles que le d\u00e9roulement tissulaire ( DT) qui am\u00e8ne un profond rel\u00e2chement des tissus (muscles, articulations&#8230;) et donc du corps et le mouvement respiratoire tissulaire (MRT) qui permet de retrouver une bonne micro circulation (mouvance de vie) au niveau tissulaire.<\/span><\/p>\n<p>&nbsp;<\/p>\n<p><span style=\"font-size: 14pt;\">En lib\u00e9rant les tensions accumul\u00e9es dans les tissus, l&rsquo;ost\u00e9opathie contribue \u00e0 r\u00e9tablir l&rsquo;\u00e9quilibre psychosomatique.<\/span><\/p>\n<p>&nbsp;<\/p>\n<p>&nbsp;<\/p>\n","protected":false},"excerpt":{"rendered":"<p>Ost\u00e9opathie &nbsp; Vers une meilleure hom\u00e9ostasie &nbsp; L&rsquo;ost\u00e9opathie pratiqu\u00e9e par Marc Nafilyan explore l&rsquo;interaction entre la psych\u00e9 (l&rsquo;esprit), le soma (le corps) et le vivant. En favorisant la lib\u00e9ration de l&rsquo;information au niveau tissulaire, elle permet un rel\u00e2chement du corps &hellip;<\/p>\n<p><a href=\"https:\/\/osteopathie-mso.fr\/index.php\/osteopathie-mso\/\">Continue Reading<span class=\"meta-nav\">&rarr;<\/span><\/a><\/p>\n","protected":false},"author":1,"featured_media":0,"parent":0,"menu_order":0,"comment_status":"closed","ping_status":"closed","template":"","meta":{"ngg_post_thumbnail":0,"footnotes":""},"class_list":["post-17","page","type-page","status-publish","hentry"],"_links":{"self":[{"href":"https:\/\/osteopathie-mso.fr\/index.php\/wp-json\/wp\/v2\/pages\/17","targetHints":{"allow":["GET"]}}],"collection":[{"href":"https:\/\/osteopathie-mso.fr\/index.php\/wp-json\/wp\/v2\/pages"}],"about":[{"href":"https:\/\/osteopathie-mso.fr\/index.php\/wp-json\/wp\/v2\/types\/page"}],"author":[{"embeddable":true,"href":"https:\/\/osteopathie-mso.fr\/index.php\/wp-json\/wp\/v2\/users\/1"}],"replies":[{"embeddable":true,"href":"https:\/\/osteopathie-mso.fr\/index.php\/wp-json\/wp\/v2\/comments?post=17"}],"version-history":[{"count":34,"href":"https:\/\/osteopathie-mso.fr\/index.php\/wp-json\/wp\/v2\/pages\/17\/revisions"}],"predecessor-version":[{"id":297,"href":"https:\/\/osteopathie-mso.fr\/index.php\/wp-json\/wp\/v2\/pages\/17\/revisions\/297"}],"wp:attachment":[{"href":"https:\/\/osteopathie-mso.fr\/index.php\/wp-json\/wp\/v2\/media?parent=17"}],"curies":[{"name":"wp","href":"https:\/\/api.w.org\/{rel}","templated":true}]}}