{"id":155,"date":"2023-04-12T18:07:55","date_gmt":"2023-04-12T16:07:55","guid":{"rendered":"https:\/\/osteopathie-mso.fr\/wordpress\/?page_id=155"},"modified":"2024-06-13T17:12:36","modified_gmt":"2024-06-13T15:12:36","slug":"formateur","status":"publish","type":"page","link":"https:\/\/osteopathie-mso.fr\/index.php\/formateur\/","title":{"rendered":"Formateur"},"content":{"rendered":"<p style=\"text-align: center;\"><span style=\"font-size: 14pt;\"><strong>Marc NAFILYAN (EI)<\/strong><\/span><\/p>\n<p>&nbsp;<\/p>\n<p><span style=\"font-size: 14pt;\"><strong><u>DIPLOMES<\/u><\/strong><\/span><\/p>\n<p><span style=\"font-size: 14pt;\">2013 : Dipl\u00f4me de professeur de yoga \u00abLes Vents du Silence\u00bb, d\u00e9cern\u00e9 par la F\u00e9d\u00e9ration des Vents du Silence<\/span><\/p>\n<p><span style=\"font-size: 14pt;\">2010 : Dipl\u00f4me d\u2019ost\u00e9opathie D.O. (Master) Holistea<\/span><\/p>\n<p><span style=\"font-size: 14pt;\">1996&nbsp;: Dipl\u00f4me de drainage lymphatique manuel original Vodder, \u00e9cole Virginia Cool (esth\u00e9tique, bien-\u00eatre, th\u00e9rapeutique)<\/span><\/p>\n<p><span style=\"font-size: 14pt;\">1992 : dipl\u00f4me de masseur kin\u00e9sith\u00e9rapeute D.E. (Necker enfants malades)<\/span><\/p>\n<p><span style=\"font-size: 14pt;\">1984&nbsp;: Baccalaur\u00e9at&nbsp; D<\/span><\/p>\n","protected":false},"excerpt":{"rendered":"<p>Marc NAFILYAN (EI) &nbsp; DIPLOMES 2013 : Dipl\u00f4me de professeur de yoga \u00abLes Vents du Silence\u00bb, d\u00e9cern\u00e9 par la F\u00e9d\u00e9ration des Vents du Silence 2010 : Dipl\u00f4me d\u2019ost\u00e9opathie D.O. (Master) Holistea 1996&nbsp;: Dipl\u00f4me de drainage lymphatique manuel original Vodder, \u00e9cole &hellip;<\/p>\n<p><a href=\"https:\/\/osteopathie-mso.fr\/index.php\/formateur\/\">Continue Reading<span class=\"meta-nav\">&rarr;<\/span><\/a><\/p>\n","protected":false},"author":1,"featured_media":0,"parent":0,"menu_order":0,"comment_status":"closed","ping_status":"closed","template":"","meta":{"ngg_post_thumbnail":0,"footnotes":""},"class_list":["post-155","page","type-page","status-publish","hentry"],"_links":{"self":[{"href":"https:\/\/osteopathie-mso.fr\/index.php\/wp-json\/wp\/v2\/pages\/155","targetHints":{"allow":["GET"]}}],"collection":[{"href":"https:\/\/osteopathie-mso.fr\/index.php\/wp-json\/wp\/v2\/pages"}],"about":[{"href":"https:\/\/osteopathie-mso.fr\/index.php\/wp-json\/wp\/v2\/types\/page"}],"author":[{"embeddable":true,"href":"https:\/\/osteopathie-mso.fr\/index.php\/wp-json\/wp\/v2\/users\/1"}],"replies":[{"embeddable":true,"href":"https:\/\/osteopathie-mso.fr\/index.php\/wp-json\/wp\/v2\/comments?post=155"}],"version-history":[{"count":7,"href":"https:\/\/osteopathie-mso.fr\/index.php\/wp-json\/wp\/v2\/pages\/155\/revisions"}],"predecessor-version":[{"id":295,"href":"https:\/\/osteopathie-mso.fr\/index.php\/wp-json\/wp\/v2\/pages\/155\/revisions\/295"}],"wp:attachment":[{"href":"https:\/\/osteopathie-mso.fr\/index.php\/wp-json\/wp\/v2\/media?parent=155"}],"curies":[{"name":"wp","href":"https:\/\/api.w.org\/{rel}","templated":true}]}}